{"id":3036,"date":"2022-10-29T13:46:34","date_gmt":"2022-10-29T13:46:34","guid":{"rendered":"https:\/\/fifoguest.pt\/?page_id=3036"},"modified":"2025-07-16T14:49:15","modified_gmt":"2025-07-16T14:49:15","slug":"services","status":"publish","type":"page","link":"https:\/\/fifoguest.pt\/pt\/services\/","title":{"rendered":"Servi\u00e7os e Experi\u00eancias"},"content":{"rendered":"<p><\/p>\n<p>[vc_row][vc_column]<div style=\"clear:both; width:100%; height:50px\"><\/div>\t\t<div class=\"homey-module module-title section-title-module text-center \">\r\n\t\t\t<h2 >SERVI\u00c7OS<\/h2>\r\n\r\n\t\t\t<p  class=\"sub-heading\"><\/p>\r\n\t\t<\/div>\r\n\t\t[vc_row_inner][vc_column_inner]\t\t<div class=\"homey-module module-title section-title-module text-center \">\r\n\t\t\t<h2 style=\"font-size: 20px; \">LIMPEZA E LAVANDARIA CORGO AZUL<\/h2>\r\n\r\n\t\t\t<p  class=\"sub-heading\"><\/p>\r\n\t\t<\/div>\r\n\t\t[vc_column_text]<\/p>\n<p class=\"p1\"><span id=\"page3R_mcid10\" class=\"markedContent\"><span dir=\"ltr\" role=\"presentation\"> Fifoguest Proper<\/span><span dir=\"ltr\" role=\"presentation\">t<\/span><span dir=\"ltr\" role=\"presentation\">y Management possui, \u00e0 sua dispo<\/span><span dir=\"ltr\" role=\"presentation\">si\u00e7\u00e3o, uma <\/span><span dir=\"ltr\" role=\"presentation\">lavandaria pr\u00f3pria localizada a escassos metros do escrit\u00f3rio e<\/span> <span dir=\"ltr\" role=\"presentation\">na <\/span><span dir=\"ltr\" role=\"presentation\">proximidade da maioria dos alojamentos em Vila Real: a<\/span> <strong><span dir=\"ltr\" role=\"presentation\">Corgo Azul<\/span><\/strong><span dir=\"ltr\" role=\"presentation\">.<\/span><\/span><\/p>\n<p class=\"p1\"><span id=\"page3R_mcid12\" class=\"markedContent\"><span dir=\"ltr\" role=\"presentation\">Atrav\u00e9s dela, d<\/span><span dir=\"ltr\" role=\"presentation\">ispomos de servi\u00e7os<\/span> <span dir=\"ltr\" role=\"presentation\">como<\/span><span dir=\"ltr\" role=\"presentation\">:<\/span><\/span><\/p>\n<ul>\n<li class=\"p1\"><span id=\"page3R_mcid13\" class=\"markedContent\"><strong><span dir=\"ltr\" role=\"presentation\">Tratamento<\/span> <span dir=\"ltr\" role=\"presentation\">d<\/span><span dir=\"ltr\" role=\"presentation\">a<\/span> <span dir=\"ltr\" role=\"presentation\">roupa<\/span> <span dir=\"ltr\" role=\"presentation\">de banho e<\/span> <span dir=\"ltr\" role=\"presentation\">de cama<\/span><\/strong> <span dir=\"ltr\" role=\"presentation\">\u2013<\/span> <span dir=\"ltr\" role=\"presentation\">toalhas,<\/span> <span dir=\"ltr\" role=\"presentation\">edredons, <\/span><span dir=\"ltr\" role=\"presentation\">cobertores, len\u00e7\u00f3is, fronhas e almofadas, capas e<\/span> <span dir=\"ltr\" role=\"presentation\">mais;<\/span><\/span><\/li>\n<li class=\"p1\"><span id=\"page3R_mcid14\" class=\"markedContent\"><span dir=\"ltr\" role=\"presentation\">L<strong>avagem<\/strong><\/span><strong><span dir=\"ltr\" role=\"presentation\">, secagem<\/span> <span dir=\"ltr\" role=\"presentation\">e engomadoria de indument\u00e1ria pessoal<\/span><\/strong> <span dir=\"ltr\" role=\"presentation\">de <\/span><span dir=\"ltr\" role=\"presentation\">h\u00f3spedes<\/span><span dir=\"ltr\" role=\"presentation\">;<\/span><\/span><\/li>\n<li class=\"p1\"><span id=\"page3R_mcid15\" class=\"markedContent\"><strong><span dir=\"ltr\" role=\"presentation\">Limpeza e lavagem<\/span><\/strong> <span dir=\"ltr\" role=\"presentation\">dos alojamentos<\/span><span dir=\"ltr\" role=\"presentation\">.<\/span><\/span><\/li>\n<\/ul>\n<p><span id=\"page3R_mcid16\" class=\"markedContent\"><span dir=\"ltr\" role=\"presentation\">Estes servi\u00e7os<\/span> <span dir=\"ltr\" role=\"presentation\">s\u00e3o<\/span> <strong><span dir=\"ltr\" role=\"presentation\">exclusivos<\/span> <\/strong><span dir=\"ltr\" role=\"presentation\">ao<\/span><span dir=\"ltr\" role=\"presentation\">s alojamentos locais<\/span> <span dir=\"ltr\" role=\"presentation\">da empresa<\/span><span dir=\"ltr\" role=\"presentation\">, <\/span><span dir=\"ltr\" role=\"presentation\">respetivos<\/span> <span dir=\"ltr\" role=\"presentation\">propriet\u00e1rios e h\u00f3spedes<\/span><span dir=\"ltr\" role=\"presentation\">.<\/span><\/span><\/p>\n<p><span id=\"page3R_mcid17\" class=\"markedContent\"><span dir=\"ltr\" role=\"presentation\">Os pr\u00f3prios alojamentos j\u00e1 t\u00eam<\/span><strong> <span dir=\"ltr\" role=\"presentation\">inclu\u00eddos diversas limpezas e trocas de <\/span><span dir=\"ltr\" role=\"presentation\">roupa de cama e de banho<\/span> <span dir=\"ltr\" role=\"presentation\">na estadia<\/span><\/strong><span dir=\"ltr\" role=\"presentation\">, como, por exemplo, limpeza de <\/span><span dir=\"ltr\" role=\"presentation\">check<\/span><span dir=\"ltr\" role=\"presentation\">&#8211;<\/span><span dir=\"ltr\" role=\"presentation\">out e limpeza semanal<\/span> <span dir=\"ltr\" role=\"presentation\">em estadias prolongadas. Qualquer outra <\/span><span dir=\"ltr\" role=\"presentation\">situa\u00e7\u00e3o de limpeza deve ser comunicada e poder\u00e1<\/span> <span dir=\"ltr\" role=\"presentation\">encartar custos <\/span><span dir=\"ltr\" role=\"presentation\">adicionais.<\/span><\/span><\/p>\n<p><span id=\"page3R_mcid18\" class=\"markedContent\"><span dir=\"ltr\" role=\"presentation\">Al\u00e9m dis<\/span><span dir=\"ltr\" role=\"presentation\">t<\/span><span dir=\"ltr\" role=\"presentation\">o,<\/span> <span dir=\"ltr\" role=\"presentation\">possu\u00edmos<\/span> <span dir=\"ltr\" role=\"presentation\">tamb\u00e9m<\/span> <span dir=\"ltr\" role=\"presentation\">diversas parcerias com estabelecimentos <\/span><span dir=\"ltr\" role=\"presentation\">tur\u00edsticos e de restaura\u00e7\u00e3o<\/span><span dir=\"ltr\" role=\"presentation\">:<\/span><\/span><\/p>\n<ul>\n<li><span id=\"page3R_mcid19\" class=\"markedContent\"><strong><span dir=\"ltr\" role=\"presentation\">Tratamento de roupa de restaura\u00e7\u00e3o e de hotelaria<\/span><\/strong><span dir=\"ltr\" role=\"presentation\">, incluindo <\/span><span dir=\"ltr\" role=\"presentation\">guardanapos<\/span> <span dir=\"ltr\" role=\"presentation\">de pano<\/span> <span dir=\"ltr\" role=\"presentation\">de restaurantes<\/span> <span dir=\"ltr\" role=\"presentation\">e<\/span> <span dir=\"ltr\" role=\"presentation\">de toalhas<\/span> <span dir=\"ltr\" role=\"presentation\">e roupa de <\/span><span dir=\"ltr\" role=\"presentation\">cama<\/span> <span dir=\"ltr\" role=\"presentation\">de estabelecimentos tur\u00edsticos<\/span><span dir=\"ltr\" role=\"presentation\">. <\/span><\/span><\/li>\n<\/ul>\n<p><span id=\"page3R_mcid21\" class=\"markedContent\"><span dir=\"ltr\" role=\"presentation\">Quer seja propriet\u00e1rio, quer seja h\u00f3spede, a Corgo Azul \u00e9 a sua lavandaria <\/span><span dir=\"ltr\" role=\"presentation\">ideal!<\/span> <span dir=\"ltr\" role=\"presentation\">Venha falar connosco na<\/span> <span dir=\"ltr\" role=\"presentation\">Fifoguest<\/span> <span dir=\"ltr\" role=\"presentation\">para<\/span> <span dir=\"ltr\" role=\"presentation\">mais informa\u00e7\u00f5es<\/span><span dir=\"ltr\" role=\"presentation\">.<\/span><\/span><\/p>\n<p><span id=\"page3R_mcid23\" class=\"markedContent\"><strong><span dir=\"ltr\" role=\"presentation\">Morada Corgo Azul:<\/span> <\/strong><span dir=\"ltr\" role=\"presentation\">Rua Camilo Castelo Branco, n.\u00ba<\/span> <span dir=\"ltr\" role=\"presentation\">33<\/span><span dir=\"ltr\" role=\"presentation\">&#8211;<\/span><span dir=\"ltr\" role=\"presentation\">A<\/span><\/span><span id=\"page3R_mcid24\" class=\"markedContent\"><br role=\"presentation\" \/><strong><span dir=\"ltr\" role=\"presentation\">Morada Fifoguest:<\/span><\/strong> <span dir=\"ltr\" role=\"presentation\">Largo do Vilarealense, n.\u00ba 20<\/span><span dir=\"ltr\" role=\"presentation\">&#8211;<\/span><span dir=\"ltr\" role=\"presentation\">A (entrada pela Avenida <\/span><span dir=\"ltr\" role=\"presentation\">1\u00ba de Maio)<\/span><\/span>[\/vc_column_text]<div style=\"clear:both; width:100%; height:40px\"><\/div>[\/vc_column_inner][\/vc_row_inner][vc_row_inner][vc_column_inner]\t\t<div class=\"homey-module module-title section-title-module text-center \">\r\n\t\t\t<h2 style=\"font-size: 20px; \">MANUTEN\u00c7\u00c3O E GEST\u00c3O DO ALOJAMENTO<\/h2>\r\n\r\n\t\t\t<p  class=\"sub-heading\"><\/p>\r\n\t\t<\/div>\r\n\t\t[vc_column_text]<\/p>\n<p class=\"p1\"><span id=\"page40R_mcid2\" class=\"markedContent\"><span dir=\"ltr\" role=\"presentation\">Para que uma habita\u00e7\u00e3o<\/span> <span dir=\"ltr\" role=\"presentation\">se possa tornar num<\/span> <strong><span dir=\"ltr\" role=\"presentation\">Alojamento Local digno<\/span><\/strong> <span dir=\"ltr\" role=\"presentation\">de <\/span><span dir=\"ltr\" role=\"presentation\">seu nome, n\u00e3o basta colocar uma placa a indicar a condi\u00e7\u00e3o.<\/span> <span dir=\"ltr\" role=\"presentation\">A Fifoguest <\/span><span dir=\"ltr\" role=\"presentation\">reconhece e atua sobre as dificuldades<\/span> <span dir=\"ltr\" role=\"presentation\">legais e operacionais que se <\/span><span dir=\"ltr\" role=\"presentation\">revelam ao longo do tempo de vida de um AL.<\/span><\/span><\/p>\n<p class=\"p1\"><span id=\"page40R_mcid4\" class=\"markedContent\"><span dir=\"ltr\" role=\"presentation\">Assim, os propriet\u00e1rios podem contar com a Fifoguest para:<\/span><\/span><\/p>\n<ul>\n<li class=\"p1\"><span id=\"page40R_mcid5\" class=\"markedContent\"><strong><span dir=\"ltr\" role=\"presentation\">Atender ao<\/span> <span dir=\"ltr\" role=\"presentation\">licenciamento e<\/span> <span dir=\"ltr\" role=\"presentation\">\u00e0<\/span> <span dir=\"ltr\" role=\"presentation\">legaliza\u00e7\u00e3o<\/span><\/strong> <span dir=\"ltr\" role=\"presentation\">d<\/span><span dir=\"ltr\" role=\"presentation\">a habita\u00e7\u00e3o enquanto <\/span><span dir=\"ltr\" role=\"presentation\">Alojamento Local<\/span><span dir=\"ltr\" role=\"presentation\">, em parceria com os propriet\u00e1rios<\/span><span dir=\"ltr\" role=\"presentation\">;<\/span><\/span><\/li>\n<li class=\"p1\"><span id=\"page40R_mcid6\" class=\"markedContent\"><strong><span dir=\"ltr\" role=\"presentation\">Realizar<\/span> <span dir=\"ltr\" role=\"presentation\">a gest\u00e3o plena da habita\u00e7\u00e3o enquanto AL<\/span><\/strong><span dir=\"ltr\" role=\"presentation\">,<\/span> <span dir=\"ltr\" role=\"presentation\">desde<\/span> <span dir=\"ltr\" role=\"presentation\">a <\/span><span dir=\"ltr\" role=\"presentation\">publicita\u00e7\u00e3o do alojamento<\/span> <span dir=\"ltr\" role=\"presentation\">na Internet<\/span> <span dir=\"ltr\" role=\"presentation\">\u00e0 prepara\u00e7\u00e3o dele para as <\/span><span dir=\"ltr\" role=\"presentation\">visitas e<\/span> <span dir=\"ltr\" role=\"presentation\">\u00e0s<\/span> <span dir=\"ltr\" role=\"presentation\">limpezas e pequenas repara\u00e7\u00f5es<\/span> <span dir=\"ltr\" role=\"presentation\">necess\u00e1rias<\/span><span dir=\"ltr\" role=\"presentation\">;<\/span><\/span><\/li>\n<li class=\"p1\"><span id=\"page40R_mcid7\" class=\"markedContent\"><strong><span dir=\"ltr\" role=\"presentation\">Cuidar<\/span> <span dir=\"ltr\" role=\"presentation\">diretamente<\/span> <span dir=\"ltr\" role=\"presentation\">d<\/span><span dir=\"ltr\" role=\"presentation\">o h\u00f3spede<\/span><\/strong><span dir=\"ltr\" role=\"presentation\">, desde o momento do interesse <\/span><span dir=\"ltr\" role=\"presentation\">no alojamento at\u00e9 ao<\/span> <span dir=\"ltr\" role=\"presentation\">check<\/span><span dir=\"ltr\" role=\"presentation\">&#8211;<\/span><span dir=\"ltr\" role=\"presentation\">out<\/span><span dir=\"ltr\" role=\"presentation\">;<\/span><\/span><\/li>\n<li class=\"p1\"><span id=\"page40R_mcid8\" class=\"markedContent\"><strong><span dir=\"ltr\" role=\"presentation\">Comunicar com o propriet\u00e1rio<\/span> <\/strong><span dir=\"ltr\" role=\"presentation\">qualquer situa\u00e7\u00e3o<\/span> <span dir=\"ltr\" role=\"presentation\">conhecida<\/span> <span dir=\"ltr\" role=\"presentation\">que <\/span><span dir=\"ltr\" role=\"presentation\">afete estrutural e\/ou legalmente<\/span> <span dir=\"ltr\" role=\"presentation\">a habita\u00e7\u00e3o<\/span><span dir=\"ltr\" role=\"presentation\">.<\/span><\/span><\/li>\n<\/ul>\n<p class=\"p1\"><span id=\"page40R_mcid9\" class=\"markedContent\"><span dir=\"ltr\" role=\"presentation\">Al\u00e9m destas situa\u00e7\u00f5es, que carecem de acordo e acerto de detalhes com <\/span><span dir=\"ltr\" role=\"presentation\">os propriet\u00e1rios,<\/span> <strong><span dir=\"ltr\" role=\"presentation\">a Fif<\/span><span dir=\"ltr\" role=\"presentation\">oguest disp\u00f5e<\/span><span dir=\"ltr\" role=\"presentation\">&#8211;<\/span><span dir=\"ltr\" role=\"presentation\">se a outras modalidades de gest\u00e3o <\/span><\/strong><span dir=\"ltr\" role=\"presentation\">que n\u00e3o a acima disposta.<\/span><\/span><\/p>\n<p class=\"p1\"><span id=\"page40R_mcid10\" class=\"markedContent\"><span dir=\"ltr\" role=\"presentation\">\u00c9<\/span> <span dir=\"ltr\" role=\"presentation\">poss\u00edvel<\/span> <span dir=\"ltr\" role=\"presentation\">acordar com a Fifoguest uma gest\u00e3o que se<\/span> <span dir=\"ltr\" role=\"presentation\">desdobre<\/span><span dir=\"ltr\" role=\"presentation\">, por <\/span><span dir=\"ltr\" role=\"presentation\">exemplo,<\/span> <span dir=\"ltr\" role=\"presentation\">apenas<\/span> <span dir=\"ltr\" role=\"presentation\">sobre a publicita\u00e7\u00e3o do alojamento nos canais digitais<\/span> <span dir=\"ltr\" role=\"presentation\">ou <\/span><span dir=\"ltr\" role=\"presentation\">apenas sobre o tratamento de roupas do alojamento.<\/span><\/span><\/p>\n<p class=\"p1\"><span id=\"page40R_mcid11\" class=\"markedContent\"><span dir=\"ltr\" role=\"presentation\">Qu<\/span><span dir=\"ltr\" role=\"presentation\">er ver o seu alojamento a prosperar? Contacte<\/span><span dir=\"ltr\" role=\"presentation\">&#8211;<\/span><span dir=\"ltr\" role=\"presentation\">nos<\/span> <span dir=\"ltr\" role=\"presentation\">e pe\u00e7a o seu <\/span><span dir=\"ltr\" role=\"presentation\">or\u00e7amento<\/span><span dir=\"ltr\" role=\"presentation\">!<\/span><\/span><\/p>\n<p>[\/vc_column_text]<div style=\"clear:both; width:100%; height:100px\"><\/div>[\/vc_column_inner][\/vc_row_inner][vc_row_inner][vc_column_inner]\t\t<div class=\"homey-module module-title section-title-module text-center \">\r\n\t\t\t<h2 style=\"font-size: 20px; \">EXPERI\u00caNCIAS FIFOGUEST<\/h2>\r\n\r\n\t\t\t<p  class=\"sub-heading\"><\/p>\r\n\t\t<\/div>\r\n\t\t[vc_column_text]<\/p>\n<h3 class=\"p1\"><span id=\"page40R_mcid19\" class=\"markedContent\"><span dir=\"ltr\" role=\"presentation\">EVENTOS<\/span><\/span><\/h3>\n<p class=\"p1\"><span id=\"page40R_mcid20\" class=\"markedContent\"><span dir=\"ltr\" role=\"presentation\">Tem uma celebra\u00e7\u00e3o<\/span> <span dir=\"ltr\" role=\"presentation\">\u00e0 qual foi convidado?<\/span> <span dir=\"ltr\" role=\"presentation\">Os<\/span> <span dir=\"ltr\" role=\"presentation\">check<\/span><span dir=\"ltr\" role=\"presentation\">&#8211;<\/span><span dir=\"ltr\" role=\"presentation\">ins aut\u00f3nomos<\/span> <span dir=\"ltr\" role=\"presentation\">da <\/span><span dir=\"ltr\" role=\"presentation\">Fifoguest permitem<\/span><span dir=\"ltr\" role=\"presentation\">&#8211;<\/span><span dir=\"ltr\" role=\"presentation\">lhe entrar e sair \u00e0s horas que pretender (dentro do <\/span><span dir=\"ltr\" role=\"presentation\">permitido e\/ou acordado)<\/span><span dir=\"ltr\" role=\"presentation\">!<\/span><\/span><\/p>\n<p class=\"p1\"><span id=\"page40R_mcid21\" class=\"markedContent\"><span dir=\"ltr\" role=\"presentation\">Pr<\/span><span dir=\"ltr\" role=\"presentation\">ocura um local<\/span> <span dir=\"ltr\" role=\"presentation\">para<\/span> <span dir=\"ltr\" role=\"presentation\">juntar fam\u00edlia e amigos para<\/span> <span dir=\"ltr\" role=\"presentation\">um pequeno evento? A <\/span><span dir=\"ltr\" role=\"presentation\">Fifoguest tem alojamentos<\/span><span dir=\"ltr\" role=\"presentation\">, inclusive com piscina,<\/span> <span dir=\"ltr\" role=\"presentation\">de onde pode levar <\/span><strong><span dir=\"ltr\" role=\"presentation\">mem\u00f3rias para a vida<\/span><\/strong><span dir=\"ltr\" role=\"presentation\">, desde encontros rom\u00e2nticos a despedidas de <\/span><span dir=\"ltr\" role=\"presentation\">solteiro<\/span><span dir=\"ltr\" role=\"presentation\">, jantaradas e<\/span> <span dir=\"ltr\" role=\"presentation\">noites de jogatanas<\/span><span dir=\"ltr\" role=\"presentation\">!<\/span><\/span><\/p>\n<p class=\"p1\"><span id=\"page40R_mcid22\" class=\"markedContent\"><span dir=\"ltr\" role=\"presentation\">Reserve connosco!<\/span><\/span><\/p>\n<p>[\/vc_column_text]<div style=\"clear:both; width:100%; height:40px\"><\/div>[vc_column_text]<\/p>\n<h3 class=\"textLayer\"><span id=\"page40R_mcid24\" class=\"markedContent\"><span dir=\"ltr\" role=\"presentation\">ROTA D<\/span><span dir=\"ltr\" role=\"presentation\">O D<\/span><span dir=\"ltr\" role=\"presentation\">OURO<\/span><\/span><\/h3>\n<p class=\"textLayer\"><span id=\"page40R_mcid25\" class=\"markedContent\"><span dir=\"ltr\" role=\"presentation\">Gostaria de conhecer o Rio Douro de barco? A<\/span><span dir=\"ltr\" role=\"presentation\">trav\u00e9s da<\/span> <span dir=\"ltr\" role=\"presentation\">Fifoguest<\/span><span dir=\"ltr\" role=\"presentation\">, pode <\/span><span dir=\"ltr\" role=\"presentation\">reservar<\/span> <span dir=\"ltr\" role=\"presentation\">uma viagem R\u00e9gua<\/span> <span dir=\"ltr\" role=\"presentation\">\u2013<\/span> <span dir=\"ltr\" role=\"presentation\">Pinh\u00e3o ou R\u00e9gua<\/span> <span dir=\"ltr\" role=\"presentation\">\u2013<\/span> <span dir=\"ltr\" role=\"presentation\">Pocinho<\/span> <span dir=\"ltr\" role=\"presentation\">\u2013<\/span> <span dir=\"ltr\" role=\"presentation\">Pocinho na <\/span><span dir=\"ltr\" role=\"presentation\">companhia da<\/span> <strong><span dir=\"ltr\" role=\"presentation\">Rota<\/span> <span dir=\"ltr\" role=\"presentation\">do Douro<\/span><\/strong><span dir=\"ltr\" role=\"presentation\">!<\/span><\/span><\/p>\n<p class=\"textLayer\"><span id=\"page40R_mcid26\" class=\"markedContent\"><span dir=\"ltr\" role=\"presentation\">Marque uma viagem atrav\u00e9s<\/span> <span dir=\"ltr\" role=\"presentation\">de n\u00f3s e desfrute de um dia<\/span> <span dir=\"ltr\" role=\"presentation\">de passeio<\/span><span dir=\"ltr\" role=\"presentation\">, <\/span><span dir=\"ltr\" role=\"presentation\">deslumbre e<\/span> <span dir=\"ltr\" role=\"presentation\">boa comida<\/span> <span dir=\"ltr\" aria-owns=\"pdfjs_internal_id_42R\">no nosso mui estimado Douro Vinhateiro!<\/span><\/span><\/p>\n<p class=\"textLayer\"><a href=\"https:\/\/rotadodouro.pt\/\"><span id=\"page40R_mcid27\" class=\"markedContent\"><span dir=\"ltr\" role=\"presentation\">https:\/\/rotadodouro.pt\/<\/span><\/span><\/a><\/p>\n<p>[\/vc_column_text]<div style=\"clear:both; width:100%; height:40px\"><\/div>[vc_column_text]<\/p>\n<h3 class=\"textLayer\"><span id=\"page43R_mcid0\" class=\"markedContent\"><span dir=\"ltr\" role=\"presentation\">DISCOVER DOURO<\/span><\/span><\/h3>\n<p class=\"textLayer\"><span id=\"page43R_mcid1\" class=\"markedContent\"><span dir=\"ltr\" role=\"presentation\">Quer<\/span> <span dir=\"ltr\" role=\"presentation\">conhecer melhor a Regi\u00e3o Demarcada do Douro? Apontar o que <\/span><span dir=\"ltr\" role=\"presentation\">viveu e tem por viver num<\/span> <span dir=\"ltr\" role=\"presentation\">passaporte cultural<\/span> <span dir=\"ltr\" role=\"presentation\">apelidado Passaporte <\/span><span dir=\"ltr\" role=\"presentation\">Douro<\/span><span dir=\"ltr\" role=\"presentation\">? A<\/span> <strong><span dir=\"ltr\" role=\"presentation\">Discover Douro<\/span><\/strong> <span dir=\"ltr\" role=\"presentation\">permite<\/span><span dir=\"ltr\" role=\"presentation\">&#8211;<\/span><span dir=\"ltr\" role=\"presentation\">lhe carimbar por onde passa, faze<\/span><span dir=\"ltr\" role=\"presentation\">ndo<\/span><span dir=\"ltr\" role=\"presentation\">&#8211;<\/span><span dir=\"ltr\" role=\"presentation\">se acompanhar<\/span> <span dir=\"ltr\" role=\"presentation\">de<\/span> <span dir=\"ltr\" role=\"presentation\">um mapa<\/span> <span dir=\"ltr\" role=\"presentation\">da regi\u00e3o<\/span> <span dir=\"ltr\" aria-owns=\"pdfjs_internal_id_45R\">e de diversas sugest\u00f5es!<\/span><\/span><\/p>\n<p class=\"textLayer\"><a href=\"https:\/\/www.discoverdouro.pt\/\"><span id=\"page43R_mcid2\" class=\"markedContent\"><span dir=\"ltr\" role=\"presentation\">https:\/\/www.discoverdouro.pt\/<\/span><\/span><\/a><span id=\"page43R_mcid5\" class=\"markedContent\"><br \/>\n<\/span><\/p>\n<p>[\/vc_column_text]<div style=\"clear:both; width:100%; height:40px\"><\/div>[vc_column_text]<\/p>\n<h3 class=\"textLayer\"><span id=\"page43R_mcid5\" class=\"markedContent\"><span dir=\"ltr\" role=\"presentation\">BOOKINDOURO<\/span><\/span><\/h3>\n<p class=\"textLayer\"><span id=\"page43R_mcid6\" class=\"markedContent\"><span dir=\"ltr\" role=\"presentation\">Veio parar ao Douro mas a<\/span> <span dir=\"ltr\" role=\"presentation\">escolha<\/span> <span dir=\"ltr\" role=\"presentation\">\u00e9 tanta que nem sabe para onde olhar?<\/span><\/span><\/p>\n<p class=\"textLayer\"><span id=\"page43R_mcid6\" class=\"markedContent\"><span dir=\"ltr\" role=\"presentation\">A<\/span> <strong><span dir=\"ltr\" role=\"presentation\">BookInDouro<\/span> <\/strong><span dir=\"ltr\" role=\"presentation\">est\u00e1 particularmente capacitada para o ajudar a escolher <\/span><span dir=\"ltr\" role=\"presentation\">a melhor experi\u00eancia poss\u00edvel!<\/span><\/span><\/p>\n<p class=\"textLayer\"><span id=\"page43R_mcid7\" class=\"markedContent\"><span dir=\"ltr\" role=\"presentation\">Entre em contacto com a BookInDouro atrav\u00e9s de n\u00f3s<\/span> <span dir=\"ltr\" role=\"presentation\">ou refira<\/span><span dir=\"ltr\" role=\"presentation\">&#8211;<\/span><span dir=\"ltr\" role=\"presentation\">nos<\/span> <span dir=\"ltr\" role=\"presentation\">para <\/span><span dir=\"ltr\" aria-owns=\"pdfjs_internal_id_46R\">aventuras inesquec\u00edveis no Douro!<\/span><\/span><\/p>\n<p class=\"textLayer\"><a href=\"https:\/\/bookindouro.com\/\"><span id=\"page43R_mcid8\" class=\"markedContent\"><span dir=\"ltr\" role=\"presentation\">https:\/\/bookindouro.com\/<\/span><\/span><\/a><\/p>\n<p>[\/vc_column_text]<div style=\"clear:both; width:100%; height:40px\"><\/div>[\/vc_column_inner][\/vc_row_inner][vc_btn title=&#8221;Fale Connosco&#8221; color=&#8221;info&#8221; align=&#8221;center&#8221; i_icon_fontawesome=&#8221;far fa-envelope&#8221; add_icon=&#8221;true&#8221; link=&#8221;url:mailto%3Ainfo%40fifoguest.pt&#8221;]<div style=\"clear:both; width:100%; height:50px\"><\/div>[\/vc_column][\/vc_row]<\/p>\n<p><\/p>","protected":false},"excerpt":{"rendered":"<p>[vc_row][vc_column][vc_row_inner][vc_column_inner][vc_column_text] Fifoguest Property Management possui, \u00e0 sua disposi\u00e7\u00e3o, uma lavandaria pr\u00f3pria localizada a escassos metros do escrit\u00f3rio e na proximidade da maioria dos alojamentos em Vila Real: a Corgo Azul. Atrav\u00e9s dela, dispomos de servi\u00e7os como: Tratamento da roupa de banho e de cama \u2013 toalhas, edredons, cobertores, len\u00e7\u00f3is, fronhas e almofadas, capas e mais; [&hellip;]<\/p>\n","protected":false},"author":1,"featured_media":0,"parent":0,"menu_order":0,"comment_status":"closed","ping_status":"closed","template":"template\/template-homepage.php","meta":{"inline_featured_image":false,"_joinchat":[],"footnotes":""},"_links":{"self":[{"href":"https:\/\/fifoguest.pt\/pt\/wp-json\/wp\/v2\/pages\/3036"}],"collection":[{"href":"https:\/\/fifoguest.pt\/pt\/wp-json\/wp\/v2\/pages"}],"about":[{"href":"https:\/\/fifoguest.pt\/pt\/wp-json\/wp\/v2\/types\/page"}],"author":[{"embeddable":true,"href":"https:\/\/fifoguest.pt\/pt\/wp-json\/wp\/v2\/users\/1"}],"replies":[{"embeddable":true,"href":"https:\/\/fifoguest.pt\/pt\/wp-json\/wp\/v2\/comments?post=3036"}],"version-history":[{"count":3,"href":"https:\/\/fifoguest.pt\/pt\/wp-json\/wp\/v2\/pages\/3036\/revisions"}],"predecessor-version":[{"id":24905,"href":"https:\/\/fifoguest.pt\/pt\/wp-json\/wp\/v2\/pages\/3036\/revisions\/24905"}],"wp:attachment":[{"href":"https:\/\/fifoguest.pt\/pt\/wp-json\/wp\/v2\/media?parent=3036"}],"curies":[{"name":"wp","href":"https:\/\/api.w.org\/{rel}","templated":true}]}}