{"id":3,"date":"2020-12-11T11:30:19","date_gmt":"2020-12-11T11:30:19","guid":{"rendered":"https:\/\/fifoguest.pt\/?page_id=3"},"modified":"2022-10-29T13:45:12","modified_gmt":"2022-10-29T13:45:12","slug":"politica-privacidade","status":"publish","type":"page","link":"https:\/\/fifoguest.pt\/pt\/politica-privacidade\/","title":{"rendered":"Pol\u00edtica de privacidade"},"content":{"rendered":"<p data-renderer-start-pos=\"4512\">Bem-vindo ao nosso website. Ao utilizar e navegar neste website, o utilizador aceita cumprir e sujeitar-se aos seguintes termos e condi\u00e7\u00f5es de utiliza\u00e7\u00e3o, que, juntamente com a nossa pol\u00edtica de privacidade, regem a sua liga\u00e7\u00e3o ao website\u00a0&#8230;&#8230;&#8230;&#8230;&#8230;&#8230;<\/p>\r\n<p data-renderer-start-pos=\"4771\">Os nossos termos e condi\u00e7\u00f5es definem as pol\u00edticas e procedimentos que estabelecemos para o bom funcionamento de reservas, fornecendo informa\u00e7\u00f5es \u00fateis e garantias para o consumidor.<\/p>\r\n<p data-renderer-start-pos=\"4954\"><strong data-renderer-mark=\"true\">TERMOS E CONDI\u00c7\u00d5ES<\/strong><\/p>\r\n<p data-renderer-start-pos=\"4974\">Os termos e condi\u00e7\u00f5es constantes do presente documento aplicam-se \u00e0 rela\u00e7\u00e3o entre o potencial h\u00f3spede, designado doravante por Cliente, e a empresa Pequeno Ref\u00fagio Unipessoal, Lda, desde o momento do pedido de reserva at\u00e9 ao fim do per\u00edodo de estadia.<\/p>\r\n<p data-renderer-start-pos=\"5227\">No caso de situa\u00e7\u00f5es que n\u00e3o estejam previstas nos Termos e Condi\u00e7\u00f5es, recorre-se \u00e0 legisla\u00e7\u00e3o aplic\u00e1vel.<\/p>\r\n<h1 class=\"wp-block-heading\" data-renderer-start-pos=\"5334\">Pol\u00edtica de Privacidade e Termos de Uso<\/h1>\r\n<p data-renderer-start-pos=\"5375\">Todas as suas informa\u00e7\u00f5es pessoais recolhidas, ser\u00e3o usadas para o ajudar a tornar a sua visita no nosso site o mais produtiva e agrad\u00e1vel poss\u00edvel.<\/p>\r\n<p data-renderer-start-pos=\"5525\">A garantia da confidencialidade dos dados pessoais dos utilizadores do nosso site \u00e9 importante .\u00a0<\/p>\r\n<p data-renderer-start-pos=\"5624\">Todas as informa\u00e7\u00f5es pessoais relativas a membros, assinantes, clientes ou visitantes que usem o <a class=\"css-1rn59kg\" title=\"http:\/\/alojamento.pt\/\" href=\"http:\/\/alojamento.pt\/\" data-renderer-mark=\"true\">alojamento.pt<\/a> ser\u00e3o tratadas em concord\u00e2ncia com a Lei da Prote\u00e7\u00e3o de Dados Pessoais de 26 de outubro de 1998 (Lei n.\u00ba 67\/98).<\/p>\r\n<p data-renderer-start-pos=\"5849\">A informa\u00e7\u00e3o pessoal recolhida pode incluir o seu nome, e-mail, n\u00famero de telefone e\/ou telem\u00f3vel, morada, data de nascimento e\/ou outros.<\/p>\r\n<p data-renderer-start-pos=\"5989\">O uso do <a class=\"css-1rn59kg\" title=\"http:\/\/fifoguest.pt\/\" href=\"http:\/\/fifoguest.pt\/\" data-renderer-mark=\"true\">fifoguest.pt<\/a> pressup\u00f5e a aceita\u00e7\u00e3o deste Acordo de privacidade. A equipa <a class=\"css-1rn59kg\" title=\"http:\/\/fifoguest.pt\/\" href=\"http:\/\/fifoguest.pt\/\" data-renderer-mark=\"true\">fifoguest.pt<\/a>\u00a0 reserva-se ao direito de alterar este acordo sem aviso pr\u00e9vio. Deste modo, recomendamos que consulte a nossa pol\u00edtica de privacidade com regularidade de forma a estar sempre atualizado.<\/p>\r\n<h2 data-renderer-start-pos=\"6272\">Os an\u00fancios<\/h2>\r\n<p data-renderer-start-pos=\"6285\">Tal como outros websites, coletamos e utilizamos informa\u00e7\u00e3o contida nos an\u00fancios. A informa\u00e7\u00e3o contida nos an\u00fancios, inclui o seu endere\u00e7o IP (Internet Protocol), o seu ISP (Internet Service Provider, como o Sapo, Clix, ou outro), o browser que utilizou ao visitar o nosso website (como o Internet Explorer ou o Firefox), o tempo da sua visita e que p\u00e1ginas visitou dentro do nosso website.<\/p>\r\n<h2 data-renderer-start-pos=\"6677\">Cookie DoubleClick Dart<\/h2>\r\n<p data-renderer-start-pos=\"6702\">O Google, como fornecedor de terceiros, utiliza cookies para exibir an\u00fancios no nosso website;<\/p>\r\n<p data-renderer-start-pos=\"6798\">Com o cookie DART, o Google pode exibir an\u00fancios com base nas visitas que o leitor fez a outros websites na Internet;<\/p>\r\n<p data-renderer-start-pos=\"6917\">Os utilizadores podem desativar o cookie DART visitando a Pol\u00edtica de privacidade da rede de conte\u00fado e dos an\u00fancios do Google.<\/p>\r\n<h2 data-renderer-start-pos=\"7046\">Os Cookies e Web Beacons<\/h2>\r\n<p data-renderer-start-pos=\"7072\">Utilizamos cookies para armazenar informa\u00e7\u00e3o, tais como as suas prefer\u00eancias pessoas quando visita o nosso website. Isto poder\u00e1 incluir um simples popup, ou uma liga\u00e7\u00e3o em v\u00e1rios servi\u00e7os que providenciamos, tais como f\u00f3runs.<\/p>\r\n<p data-renderer-start-pos=\"7299\">Em adi\u00e7\u00e3o tamb\u00e9m utilizamos publicidade de terceiros no nosso website para suportar os custos de manuten\u00e7\u00e3o. Alguns destes publicit\u00e1rios, poder\u00e3o utilizar tecnologias como os cookies e\/ou web beacons quando publicitam no nosso website, o que far\u00e1 com que esses publicit\u00e1rios (como o Google atrav\u00e9s do Google AdSense) tamb\u00e9m recebam a sua informa\u00e7\u00e3o pessoal, como o endere\u00e7o IP, o seu ISP, o seu browser, etc. Esta fun\u00e7\u00e3o \u00e9 geralmente utilizada para geotargeting (mostrar publicidade de Lisboa apenas aos leitores oriundos de Lisboa por ex.) ou apresentar publicidade direcionada a um tipo de utilizador (como mostrar publicidade de restaurante a um utilizador que visita sites de culin\u00e1ria regularmente, por ex.).<\/p>\r\n<p data-renderer-start-pos=\"8014\">Voc\u00ea det\u00e9m o poder de desligar os seus cookies, nas op\u00e7\u00f5es do seu browser, ou efetuando altera\u00e7\u00f5es nas ferramentas de programas Anti-Virus, como o Norton Internet Security. No entanto, isso poder\u00e1 alterar a forma como interage com o nosso website, ou outros websites. Isso poder\u00e1 afetar ou n\u00e3o permitir que fa\u00e7a logins em programas, sites ou f\u00f3runs da nossa e de outras redes.<\/p>\r\n<h2 data-renderer-start-pos=\"8392\">Liga\u00e7\u00f5es a Sites de terceiros<\/h2>\r\n<p data-renderer-start-pos=\"8423\">O <a class=\"css-1rn59kg\" title=\"http:\/\/fifoguest.pt\/\" href=\"http:\/\/fifoguest.pt\/\" data-renderer-mark=\"true\">fifoguest.pt<\/a> pode\u00a0 possuir liga\u00e7\u00f5es para outros sites, os quais, a nosso ver, podem conter informa\u00e7\u00f5es \/ ferramentas \u00fateis para os nossos visitantes. A nossa pol\u00edtica de privacidade n\u00e3o \u00e9 aplicada a sites de terceiros, pelo que, caso visite outro site a partir do nosso dever\u00e1 ler a politica de privacidade do mesmo.<\/p>\r\n<p data-renderer-start-pos=\"8743\">N\u00e3o nos responsabilizamos pela pol\u00edtica de privacidade ou conte\u00fado presente nesses mesmos sites.<\/p>","protected":false},"excerpt":{"rendered":"<p>Bem-vindo ao nosso website. Ao utilizar e navegar neste website, o utilizador aceita cumprir e sujeitar-se aos seguintes termos e condi\u00e7\u00f5es de utiliza\u00e7\u00e3o, que, juntamente com a nossa pol\u00edtica de privacidade, regem a sua liga\u00e7\u00e3o ao website\u00a0&#8230;&#8230;&#8230;&#8230;&#8230;&#8230; Os nossos termos e condi\u00e7\u00f5es definem as pol\u00edticas e procedimentos que estabelecemos para o bom funcionamento de reservas, [&hellip;]<\/p>\n","protected":false},"author":1,"featured_media":0,"parent":0,"menu_order":0,"comment_status":"closed","ping_status":"open","template":"","meta":{"inline_featured_image":false,"_joinchat":[],"footnotes":""},"_links":{"self":[{"href":"https:\/\/fifoguest.pt\/pt\/wp-json\/wp\/v2\/pages\/3"}],"collection":[{"href":"https:\/\/fifoguest.pt\/pt\/wp-json\/wp\/v2\/pages"}],"about":[{"href":"https:\/\/fifoguest.pt\/pt\/wp-json\/wp\/v2\/types\/page"}],"author":[{"embeddable":true,"href":"https:\/\/fifoguest.pt\/pt\/wp-json\/wp\/v2\/users\/1"}],"replies":[{"embeddable":true,"href":"https:\/\/fifoguest.pt\/pt\/wp-json\/wp\/v2\/comments?post=3"}],"version-history":[{"count":0,"href":"https:\/\/fifoguest.pt\/pt\/wp-json\/wp\/v2\/pages\/3\/revisions"}],"wp:attachment":[{"href":"https:\/\/fifoguest.pt\/pt\/wp-json\/wp\/v2\/media?parent=3"}],"curies":[{"name":"wp","href":"https:\/\/api.w.org\/{rel}","templated":true}]}}