{"id":25359,"date":"2026-04-20T13:48:47","date_gmt":"2026-04-20T13:48:47","guid":{"rendered":"https:\/\/fifoguest.pt\/?page_id=25359"},"modified":"2026-04-20T14:03:12","modified_gmt":"2026-04-20T14:03:12","slug":"holiday-apartments-in-vila-real","status":"publish","type":"page","link":"https:\/\/fifoguest.pt\/pt\/holiday-apartments-in-vila-real\/","title":{"rendered":"Apartamentos Tur\u00edsticos em Vila Real"},"content":{"rendered":"<p>[vc_row][vc_column]<div style=\"clear:both; width:100%; height:50px\"><\/div>\t\t<div class=\"homey-module module-title section-title-module text-center \">\r\n\t\t\t<h2 >Apartamentos Tur\u00edsticos em Vila Real<\/h2>\r\n\r\n\t\t\t<p  class=\"sub-heading\">Procura apartamentos tur\u00edsticos em Vila Real? A Fifoguest disponibiliza uma vasta oferta de alojamentos modernos e totalmente equipados.<\/p>\r\n\t\t<\/div>\r\n\t\t<div style=\"clear:both; width:100%; height:25px\"><\/div>[vc_column_text]<\/p>\n<h2 data-renderer-start-pos=\"7626\">O que esperar dos nossos apartamentos<\/h2>\n<p data-renderer-start-pos=\"7663\">Cozinha equipada<\/p>\n<p data-renderer-start-pos=\"7688\">Wi-Fi gratuito<\/p>\n<p data-renderer-start-pos=\"7701\">Localiza\u00e7\u00e3o central ou tranquila<\/p>\n<p data-renderer-start-pos=\"7730\">Decora\u00e7\u00e3o moderna<\/p>\n<h2 data-renderer-start-pos=\"7745\">Ideal para:<\/h2>\n<p data-renderer-start-pos=\"7758\">Fins de semana no Douro<\/p>\n<p data-renderer-start-pos=\"7790\">Viagens em trabalho<\/p>\n<p data-renderer-start-pos=\"7807\">F\u00e9rias em fam\u00edlia<\/p>\n<h2 data-renderer-start-pos=\"7825\">Vantagens de reservar com a Fifoguest<\/h2>\n<p data-renderer-start-pos=\"7864\">Check-in flex\u00edvel<\/p>\n<p data-renderer-start-pos=\"7884\">Suporte local<\/p>\n<p data-renderer-start-pos=\"7900\">Garantia de qualidade<\/p>\n<h2 data-renderer-start-pos=\"7920\">Viva Vila Real como um local<\/h2>\n<p data-renderer-start-pos=\"7949\">Ficar num apartamento tur\u00edstico permite-lhe viver a cidade de forma aut\u00eantica.<\/p>\n<p>[\/vc_column_text]<div style=\"clear:both; width:100%; height:35px\"><\/div>[vc_btn title=&#8221;Ver apartamentos dispon\u00edveis&#8221; color=&#8221;turquoise&#8221; link=&#8221;url:https%3A%2F%2Ffifoguest.pt%2Fhalf-map%2F|title:Half%20Map&#8221;]<div style=\"clear:both; width:100%; height:50px\"><\/div>[\/vc_column][\/vc_row]<\/p>","protected":false},"excerpt":{"rendered":"<p>[vc_row][vc_column][vc_column_text] O que esperar dos nossos apartamentos Cozinha equipada Wi-Fi gratuito Localiza\u00e7\u00e3o central ou tranquila Decora\u00e7\u00e3o moderna Ideal para: Fins de semana no Douro Viagens em trabalho F\u00e9rias em fam\u00edlia Vantagens de reservar com a Fifoguest Check-in flex\u00edvel Suporte local Garantia de qualidade Viva Vila Real como um local Ficar num apartamento tur\u00edstico permite-lhe viver [&hellip;]<\/p>\n","protected":false},"author":1,"featured_media":0,"parent":0,"menu_order":0,"comment_status":"closed","ping_status":"closed","template":"template\/template-homepage.php","meta":{"inline_featured_image":false,"_joinchat":[],"footnotes":""},"_links":{"self":[{"href":"https:\/\/fifoguest.pt\/pt\/wp-json\/wp\/v2\/pages\/25359"}],"collection":[{"href":"https:\/\/fifoguest.pt\/pt\/wp-json\/wp\/v2\/pages"}],"about":[{"href":"https:\/\/fifoguest.pt\/pt\/wp-json\/wp\/v2\/types\/page"}],"author":[{"embeddable":true,"href":"https:\/\/fifoguest.pt\/pt\/wp-json\/wp\/v2\/users\/1"}],"replies":[{"embeddable":true,"href":"https:\/\/fifoguest.pt\/pt\/wp-json\/wp\/v2\/comments?post=25359"}],"version-history":[{"count":3,"href":"https:\/\/fifoguest.pt\/pt\/wp-json\/wp\/v2\/pages\/25359\/revisions"}],"predecessor-version":[{"id":25364,"href":"https:\/\/fifoguest.pt\/pt\/wp-json\/wp\/v2\/pages\/25359\/revisions\/25364"}],"wp:attachment":[{"href":"https:\/\/fifoguest.pt\/pt\/wp-json\/wp\/v2\/media?parent=25359"}],"curies":[{"name":"wp","href":"https:\/\/api.w.org\/{rel}","templated":true}]}}