{"id":25356,"date":"2026-04-20T13:45:18","date_gmt":"2026-04-20T13:45:18","guid":{"rendered":"https:\/\/fifoguest.pt\/?page_id=25356"},"modified":"2026-04-20T14:06:04","modified_gmt":"2026-04-20T14:06:04","slug":"where-to-stay-in-vila-real","status":"publish","type":"page","link":"https:\/\/fifoguest.pt\/pt\/where-to-stay-in-vila-real\/","title":{"rendered":"Onde Ficar em Vila Real"},"content":{"rendered":"<p>[vc_row][vc_column]<div style=\"clear:both; width:100%; height:50px\"><\/div>\t\t<div class=\"homey-module module-title section-title-module text-center \">\r\n\t\t\t<h2 >Onde Ficar em Vila Real \u2013 Guia Completo<\/h2>\r\n\r\n\t\t\t<p  class=\"sub-heading\">Se est\u00e1 a planear visitar Vila Real, escolher bem onde ficar faz toda a diferen\u00e7a. A Fifoguest ajuda-o a encontrar o alojamento ideal, com op\u00e7\u00f5es para todos os estilos de viagem<\/p>\r\n\t\t<\/div>\r\n\t\t<div style=\"clear:both; width:100%; height:25px\"><\/div>[vc_column_text]<\/p>\n<h2 data-renderer-start-pos=\"6855\">Melhores zonas para ficar<\/h2>\n<h3 data-renderer-start-pos=\"6875\">Centro de Vila Real<\/h3>\n<p data-renderer-start-pos=\"6898\">Ideal para quem quer estar perto de restaurantes, com\u00e9rcio e vida local.<\/p>\n<h3 data-renderer-start-pos=\"6976\">Zona do Douro<\/h3>\n<p data-renderer-start-pos=\"6988\">Perfeita para relaxar, com paisagens \u00fanicas e tranquilidade.<\/p>\n<h3 data-renderer-start-pos=\"7052\">Pr\u00f3ximo do Pal\u00e1cio de Mateus<\/h3>\n<p data-renderer-start-pos=\"7072\">Uma das zonas mais tur\u00edsticas e procuradas.<\/p>\n<h2 data-renderer-start-pos=\"7122\">Tipos de alojamento dispon\u00edveis<\/h2>\n<p data-renderer-start-pos=\"7157\">Apartamentos modernos<\/p>\n<p data-renderer-start-pos=\"7177\">Est\u00fadios para estadias curtas<\/p>\n<p data-renderer-start-pos=\"7203\">Casas completas para fam\u00edlias<\/p>\n<h2 data-renderer-start-pos=\"7230\">Dica local<\/h2>\n<p data-renderer-start-pos=\"7241\">Se quer uma experi\u00eancia diferente, combine a sua estadia com atividades na natureza ou experi\u00eancias no Douro.<\/p>\n<h2 data-renderer-start-pos=\"7335\">Reserve com a Fifoguest<\/h2>\n<p data-renderer-start-pos=\"7356\">Com dezenas de alojamentos dispon\u00edveis, garantimos conforto, localiza\u00e7\u00e3o e qualidade.<\/p>\n<p>[\/vc_column_text]<div style=\"clear:both; width:100%; height:35px\"><\/div>[vc_btn title=&#8221;Descobrir alojamentos&#8221; color=&#8221;turquoise&#8221; link=&#8221;url:https%3A%2F%2Ffifoguest.pt%2Fhalf-map%2F|title:Half%20Map&#8221;]<div style=\"clear:both; width:100%; height:50px\"><\/div>[\/vc_column][\/vc_row]<\/p>","protected":false},"excerpt":{"rendered":"<p>[vc_row][vc_column][vc_column_text] Melhores zonas para ficar Centro de Vila Real Ideal para quem quer estar perto de restaurantes, com\u00e9rcio e vida local. Zona do Douro Perfeita para relaxar, com paisagens \u00fanicas e tranquilidade. Pr\u00f3ximo do Pal\u00e1cio de Mateus Uma das zonas mais tur\u00edsticas e procuradas. Tipos de alojamento dispon\u00edveis Apartamentos modernos Est\u00fadios para estadias curtas Casas [&hellip;]<\/p>\n","protected":false},"author":1,"featured_media":0,"parent":0,"menu_order":0,"comment_status":"closed","ping_status":"closed","template":"template\/template-homepage.php","meta":{"inline_featured_image":false,"_joinchat":[],"footnotes":""},"_links":{"self":[{"href":"https:\/\/fifoguest.pt\/pt\/wp-json\/wp\/v2\/pages\/25356"}],"collection":[{"href":"https:\/\/fifoguest.pt\/pt\/wp-json\/wp\/v2\/pages"}],"about":[{"href":"https:\/\/fifoguest.pt\/pt\/wp-json\/wp\/v2\/types\/page"}],"author":[{"embeddable":true,"href":"https:\/\/fifoguest.pt\/pt\/wp-json\/wp\/v2\/users\/1"}],"replies":[{"embeddable":true,"href":"https:\/\/fifoguest.pt\/pt\/wp-json\/wp\/v2\/comments?post=25356"}],"version-history":[{"count":4,"href":"https:\/\/fifoguest.pt\/pt\/wp-json\/wp\/v2\/pages\/25356\/revisions"}],"predecessor-version":[{"id":25369,"href":"https:\/\/fifoguest.pt\/pt\/wp-json\/wp\/v2\/pages\/25356\/revisions\/25369"}],"wp:attachment":[{"href":"https:\/\/fifoguest.pt\/pt\/wp-json\/wp\/v2\/media?parent=25356"}],"curies":[{"name":"wp","href":"https:\/\/api.w.org\/{rel}","templated":true}]}}