{"id":25353,"date":"2026-04-20T13:38:08","date_gmt":"2026-04-20T13:38:08","guid":{"rendered":"https:\/\/fifoguest.pt\/?page_id=25353"},"modified":"2026-04-20T13:55:19","modified_gmt":"2026-04-20T13:55:19","slug":"accommodation-in-vila-real","status":"publish","type":"page","link":"https:\/\/fifoguest.pt\/pt\/accommodation-in-vila-real\/","title":{"rendered":"Alojamento em Vila Real"},"content":{"rendered":"<p>[vc_row][vc_column]<div style=\"clear:both; width:100%; height:50px\"><\/div>\t\t<div class=\"homey-module module-title section-title-module text-center \">\r\n\t\t\t<h2 >Alojamento em Vila Real \u2013 Conforto e Experi\u00eancia com Fifoguest<\/h2>\r\n\r\n\t\t\t<p  class=\"sub-heading\">Se est\u00e1 \u00e0 procura de alojamento em Vila Real, a Fifoguest oferece uma sele\u00e7\u00e3o cuidada de apartamentos e casas totalmente equipadas, ideais para estadias curtas ou longas.<\/p>\r\n\t\t<\/div>\r\n\t\t<div style=\"clear:both; width:100%; height:20px\"><\/div>[vc_column_text]<\/p>\n<h2 data-renderer-start-pos=\"5871\">Onde ficar em Vila Real?<\/h2>\n<p data-renderer-start-pos=\"5900\">Vila Real \u00e9 uma cidade tranquila, com forte liga\u00e7\u00e3o ao Douro, perfeita para quem procura descanso, natureza e boa gastronomia. As melhores zonas para ficar incluem:<\/p>\n<p data-renderer-start-pos=\"6071\">Centro da cidade (perto de tudo)<\/p>\n<p data-renderer-start-pos=\"6107\">Zona do Pal\u00e1cio de Mateus<\/p>\n<p data-renderer-start-pos=\"6128\">\u00c1reas com vista para o Douro<\/p>\n<h2 data-renderer-start-pos=\"6169\">Porqu\u00ea escolher a Fifoguest?<\/h2>\n<p data-renderer-start-pos=\"6193\">Mais de 50 alojamentos dispon\u00edveis<\/p>\n<p data-renderer-start-pos=\"6228\">Check-in simples e r\u00e1pido<\/p>\n<p data-renderer-start-pos=\"6253\">Limpeza profissional<\/p>\n<p data-renderer-start-pos=\"6277\">Apoio ao cliente durante toda a estadia<\/p>\n<h2 data-renderer-start-pos=\"6317\">Mais do que alojamento \u2013 uma experi\u00eancia<\/h2>\n<p data-renderer-start-pos=\"6358\">Com a Fifoguest pode ir al\u00e9m da estadia:<\/p>\n<p data-renderer-start-pos=\"6405\">Experi\u00eancias no Douro<\/p>\n<p data-renderer-start-pos=\"6425\">Passeios de buggy<\/p>\n<p data-renderer-start-pos=\"6439\">Recomenda\u00e7\u00f5es locais exclusivas<\/p>\n<h2 data-renderer-start-pos=\"6473\">Reserve com confian\u00e7a<\/h2>\n<p data-renderer-start-pos=\"6495\">Explore os nossos alojamentos e encontre a op\u00e7\u00e3o perfeita para a sua visita a Vila Real.<\/p>\n<p>[\/vc_column_text][vc_empty_space][vc_btn title=&#8221;Ver alojamentos dispon\u00edveis&#8221; color=&#8221;turquoise&#8221; link=&#8221;url:https%3A%2F%2Ffifoguest.pt%2Fhalf-map%2F|title:Half%20Map&#8221;]<div style=\"clear:both; width:100%; height:50px\"><\/div>[\/vc_column][\/vc_row]<\/p>","protected":false},"excerpt":{"rendered":"<p>[vc_row][vc_column][vc_column_text] Onde ficar em Vila Real? Vila Real \u00e9 uma cidade tranquila, com forte liga\u00e7\u00e3o ao Douro, perfeita para quem procura descanso, natureza e boa gastronomia. As melhores zonas para ficar incluem: Centro da cidade (perto de tudo) Zona do Pal\u00e1cio de Mateus \u00c1reas com vista para o Douro Porqu\u00ea escolher a Fifoguest? Mais de [&hellip;]<\/p>\n","protected":false},"author":1,"featured_media":0,"parent":0,"menu_order":0,"comment_status":"closed","ping_status":"closed","template":"template\/template-homepage.php","meta":{"inline_featured_image":false,"_joinchat":[],"footnotes":""},"_links":{"self":[{"href":"https:\/\/fifoguest.pt\/pt\/wp-json\/wp\/v2\/pages\/25353"}],"collection":[{"href":"https:\/\/fifoguest.pt\/pt\/wp-json\/wp\/v2\/pages"}],"about":[{"href":"https:\/\/fifoguest.pt\/pt\/wp-json\/wp\/v2\/types\/page"}],"author":[{"embeddable":true,"href":"https:\/\/fifoguest.pt\/pt\/wp-json\/wp\/v2\/users\/1"}],"replies":[{"embeddable":true,"href":"https:\/\/fifoguest.pt\/pt\/wp-json\/wp\/v2\/comments?post=25353"}],"version-history":[{"count":3,"href":"https:\/\/fifoguest.pt\/pt\/wp-json\/wp\/v2\/pages\/25353\/revisions"}],"predecessor-version":[{"id":25362,"href":"https:\/\/fifoguest.pt\/pt\/wp-json\/wp\/v2\/pages\/25353\/revisions\/25362"}],"wp:attachment":[{"href":"https:\/\/fifoguest.pt\/pt\/wp-json\/wp\/v2\/media?parent=25353"}],"curies":[{"name":"wp","href":"https:\/\/api.w.org\/{rel}","templated":true}]}}